{"id":351,"date":"2024-09-24T21:13:56","date_gmt":"2024-09-24T13:13:56","guid":{"rendered":"https:\/\/customarttoy.com\/?page_id=351"},"modified":"2024-11-30T17:59:36","modified_gmt":"2024-11-30T09:59:36","slug":"kiitos","status":"publish","type":"page","link":"https:\/\/customarttoy.com\/fi\/kiitos\/","title":{"rendered":"Kiitos"},"content":{"rendered":"<div data-elementor-type=\"wp-page\" data-elementor-id=\"351\" class=\"elementor elementor-351\" data-elementor-settings=\"{&quot;ha_cmc_init_switcher&quot;:&quot;no&quot;}\" data-elementor-post-type=\"page\">\n\t\t\t\t\t\t<section class=\"elementor-section elementor-top-section elementor-element elementor-element-7afed4e elementor-section-height-min-height elementor-section-boxed elementor-section-height-default elementor-section-items-middle\" data-id=\"7afed4e\" data-element_type=\"section\" data-e-type=\"section\" data-settings=\"{&quot;background_background&quot;:&quot;classic&quot;,&quot;ekit_has_onepagescroll_dot&quot;:&quot;yes&quot;}\">\n\t\t\t\t\t\t\t<div class=\"elementor-background-overlay\"><\/div>\n\t\t\t\t\t\t\t<div class=\"elementor-container elementor-column-gap-default\">\n\t\t\t\t\t<div class=\"elementor-column elementor-col-100 elementor-top-column elementor-element elementor-element-1ad3cbb\" data-id=\"1ad3cbb\" data-element_type=\"column\" data-e-type=\"column\">\n\t\t\t<div class=\"elementor-widget-wrap elementor-element-populated\">\n\t\t\t\t\t\t<div class=\"elementor-element elementor-element-9419427 elementor-widget elementor-widget-heading\" data-id=\"9419427\" data-element_type=\"widget\" data-e-type=\"widget\" data-settings=\"{&quot;ekit_we_effect_on&quot;:&quot;none&quot;}\" data-widget_type=\"heading.default\">\n\t\t\t\t<div class=\"elementor-widget-container\">\n\t\t\t\t\t<h1 class=\"elementor-heading-title elementor-size-default\">Kiitos, ett\u00e4 otit yhteytt\u00e4 meihin!<\/h1>\t\t\t\t<\/div>\n\t\t\t\t<\/div>\n\t\t\t\t<div class=\"elementor-element elementor-element-8303200 elementor-widget elementor-widget-text-editor\" data-id=\"8303200\" data-element_type=\"widget\" data-e-type=\"widget\" data-settings=\"{&quot;ekit_we_effect_on&quot;:&quot;none&quot;}\" data-widget_type=\"text-editor.default\">\n\t\t\t\t<div class=\"elementor-widget-container\">\n\t\t\t\t\t\t\t\t\t<p>Olet juuri l\u00e4hett\u00e4nyt meille s\u00e4hk\u00f6postia ja toivomme, ett\u00e4 meist\u00e4 tulee tulevaisuudessa hyvi\u00e4 kumppaneita win-win-tilanteessa.<\/p><p>Otamme sinuun yhteytt\u00e4 1 arkip\u00e4iv\u00e4n kuluessa, kiinnit\u00e4 huomiota s\u00e4hk\u00f6postiin, jossa on p\u00e4\u00e4te\u00a0<strong>&quot;@customarttoy&quot;<\/strong>.\u00a0<\/p><p>Jos teknist\u00e4 apua tarvitaan, tuoteasiantuntijoidemme valmistautuminen kest\u00e4\u00e4 jopa 48 tuntia, eiv\u00e4tk\u00e4 he pysty vastaamaan ajoissa.<\/p>\t\t\t\t\t\t\t\t<\/div>\n\t\t\t\t<\/div>\n\t\t\t\t\t<\/div>\n\t\t<\/div>\n\t\t\t\t\t<\/div>\n\t\t<\/section>\n\t\t\t\t<\/div>","protected":false},"excerpt":{"rendered":"<p>Kiitos, ett\u00e4 otit yhteytt\u00e4 meihin! Olet juuri l\u00e4hett\u00e4nyt meille onnistuneesti s\u00e4hk\u00f6postia ja toivomme, ett\u00e4 olemme tulevaisuudessa hyvi\u00e4 kumppaneita win-win-tilanteessa. Otamme sinuun yhteytt\u00e4 1 arkip\u00e4iv\u00e4n kuluessa, kiinnit\u00e4 huomiota s\u00e4hk\u00f6postiin, jossa on loppuliite \u201c@customarttoy\u201d. Jos teknist\u00e4 apua tarvitaan, tuoteasiantuntijamme ottavat\u2026<\/p>","protected":false},"author":1,"featured_media":0,"parent":0,"menu_order":0,"comment_status":"closed","ping_status":"closed","template":"elementor_canvas","meta":{"_kad_post_transparent":"","_kad_post_title":"hide","_kad_post_layout":"fullwidth","_kad_post_sidebar_id":"","_kad_post_content_style":"unboxed","_kad_post_vertical_padding":"hide","_kad_post_feature":"hide","_kad_post_feature_position":"","_kad_post_header":false,"_kad_post_footer":false,"footnotes":""},"class_list":["post-351","page","type-page","status-publish","hentry"],"_links":{"self":[{"href":"https:\/\/customarttoy.com\/fi\/wp-json\/wp\/v2\/pages\/351","targetHints":{"allow":["GET"]}}],"collection":[{"href":"https:\/\/customarttoy.com\/fi\/wp-json\/wp\/v2\/pages"}],"about":[{"href":"https:\/\/customarttoy.com\/fi\/wp-json\/wp\/v2\/types\/page"}],"author":[{"embeddable":true,"href":"https:\/\/customarttoy.com\/fi\/wp-json\/wp\/v2\/users\/1"}],"replies":[{"embeddable":true,"href":"https:\/\/customarttoy.com\/fi\/wp-json\/wp\/v2\/comments?post=351"}],"version-history":[{"count":0,"href":"https:\/\/customarttoy.com\/fi\/wp-json\/wp\/v2\/pages\/351\/revisions"}],"wp:attachment":[{"href":"https:\/\/customarttoy.com\/fi\/wp-json\/wp\/v2\/media?parent=351"}],"curies":[{"name":"wp","href":"https:\/\/api.w.org\/{rel}","templated":true}]}}