{"id":351,"date":"2024-09-24T21:13:56","date_gmt":"2024-09-24T13:13:56","guid":{"rendered":"https:\/\/customarttoy.com\/?page_id=351"},"modified":"2024-11-30T17:59:36","modified_gmt":"2024-11-30T09:59:36","slug":"obrigado","status":"publish","type":"page","link":"https:\/\/customarttoy.com\/pt\/obrigado\/","title":{"rendered":"obrigado"},"content":{"rendered":"<div data-elementor-type=\"wp-page\" data-elementor-id=\"351\" class=\"elementor elementor-351\" data-elementor-settings=\"{&quot;ha_cmc_init_switcher&quot;:&quot;no&quot;}\" data-elementor-post-type=\"page\">\n\t\t\t\t\t\t<section class=\"elementor-section elementor-top-section elementor-element elementor-element-7afed4e elementor-section-height-min-height elementor-section-boxed elementor-section-height-default elementor-section-items-middle\" data-id=\"7afed4e\" data-element_type=\"section\" data-e-type=\"section\" data-settings=\"{&quot;background_background&quot;:&quot;classic&quot;,&quot;ekit_has_onepagescroll_dot&quot;:&quot;yes&quot;}\">\n\t\t\t\t\t\t\t<div class=\"elementor-background-overlay\"><\/div>\n\t\t\t\t\t\t\t<div class=\"elementor-container elementor-column-gap-default\">\n\t\t\t\t\t<div class=\"elementor-column elementor-col-100 elementor-top-column elementor-element elementor-element-1ad3cbb\" data-id=\"1ad3cbb\" data-element_type=\"column\" data-e-type=\"column\">\n\t\t\t<div class=\"elementor-widget-wrap elementor-element-populated\">\n\t\t\t\t\t\t<div class=\"elementor-element elementor-element-9419427 elementor-widget elementor-widget-heading\" data-id=\"9419427\" data-element_type=\"widget\" data-e-type=\"widget\" data-settings=\"{&quot;ekit_we_effect_on&quot;:&quot;none&quot;}\" data-widget_type=\"heading.default\">\n\t\t\t\t<div class=\"elementor-widget-container\">\n\t\t\t\t\t<h1 class=\"elementor-heading-title elementor-size-default\">Obrigado por entrar em contato conosco!<\/h1>\t\t\t\t<\/div>\n\t\t\t\t<\/div>\n\t\t\t\t<div class=\"elementor-element elementor-element-8303200 elementor-widget elementor-widget-text-editor\" data-id=\"8303200\" data-element_type=\"widget\" data-e-type=\"widget\" data-settings=\"{&quot;ekit_we_effect_on&quot;:&quot;none&quot;}\" data-widget_type=\"text-editor.default\">\n\t\t\t\t<div class=\"elementor-widget-container\">\n\t\t\t\t\t\t\t\t\t<p>Voc\u00ea acabou de nos enviar um e-mail com sucesso e espera que sejamos bons parceiros no futuro para uma situa\u00e7\u00e3o vantajosa para todos.<\/p><p>Entraremos em contato com voc\u00ea em at\u00e9 1 dia \u00fatil, fique atento ao e-mail com o sufixo\u00a0<strong>\u201c@brinquedopersonalizado\u201d<\/strong>.\u00a0<\/p><p>Se for necess\u00e1ria assist\u00eancia t\u00e9cnica, nossos especialistas em produtos levar\u00e3o at\u00e9 48 horas para se preparar e n\u00e3o poder\u00e3o responder em tempo h\u00e1bil.<\/p>\t\t\t\t\t\t\t\t<\/div>\n\t\t\t\t<\/div>\n\t\t\t\t\t<\/div>\n\t\t<\/div>\n\t\t\t\t\t<\/div>\n\t\t<\/section>\n\t\t\t\t<\/div>","protected":false},"excerpt":{"rendered":"<p>Obrigado por entrar em contato conosco! Voc\u00ea acabou de nos enviar um e-mail com sucesso e esperamos que sejamos bons parceiros no futuro para uma situa\u00e7\u00e3o ganha-ganha. Entraremos em contato com voc\u00ea em 1 dia \u00fatil, preste aten\u00e7\u00e3o ao e-mail com o sufixo \u201c@customarttoy\u201d. Se for necess\u00e1ria assist\u00eancia t\u00e9cnica, nossos especialistas em produtos cuidar\u00e3o\u2026<\/p>","protected":false},"author":1,"featured_media":0,"parent":0,"menu_order":0,"comment_status":"closed","ping_status":"closed","template":"elementor_canvas","meta":{"_kad_post_transparent":"","_kad_post_title":"hide","_kad_post_layout":"fullwidth","_kad_post_sidebar_id":"","_kad_post_content_style":"unboxed","_kad_post_vertical_padding":"hide","_kad_post_feature":"hide","_kad_post_feature_position":"","_kad_post_header":false,"_kad_post_footer":false,"footnotes":""},"class_list":["post-351","page","type-page","status-publish","hentry"],"_links":{"self":[{"href":"https:\/\/customarttoy.com\/pt\/wp-json\/wp\/v2\/pages\/351","targetHints":{"allow":["GET"]}}],"collection":[{"href":"https:\/\/customarttoy.com\/pt\/wp-json\/wp\/v2\/pages"}],"about":[{"href":"https:\/\/customarttoy.com\/pt\/wp-json\/wp\/v2\/types\/page"}],"author":[{"embeddable":true,"href":"https:\/\/customarttoy.com\/pt\/wp-json\/wp\/v2\/users\/1"}],"replies":[{"embeddable":true,"href":"https:\/\/customarttoy.com\/pt\/wp-json\/wp\/v2\/comments?post=351"}],"version-history":[{"count":0,"href":"https:\/\/customarttoy.com\/pt\/wp-json\/wp\/v2\/pages\/351\/revisions"}],"wp:attachment":[{"href":"https:\/\/customarttoy.com\/pt\/wp-json\/wp\/v2\/media?parent=351"}],"curies":[{"name":"wp","href":"https:\/\/api.w.org\/{rel}","templated":true}]}}