{"id":351,"date":"2024-09-24T21:13:56","date_gmt":"2024-09-24T13:13:56","guid":{"rendered":"https:\/\/customarttoy.com\/?page_id=351"},"modified":"2024-11-30T17:59:36","modified_gmt":"2024-11-30T09:59:36","slug":"dakujem","status":"publish","type":"page","link":"https:\/\/customarttoy.com\/sk\/dakujem\/","title":{"rendered":"dakujem"},"content":{"rendered":"<div data-elementor-type=\"wp-page\" data-elementor-id=\"351\" class=\"elementor elementor-351\" data-elementor-settings=\"{&quot;ha_cmc_init_switcher&quot;:&quot;no&quot;}\" data-elementor-post-type=\"page\">\n\t\t\t\t\t\t<section class=\"elementor-section elementor-top-section elementor-element elementor-element-7afed4e elementor-section-height-min-height elementor-section-boxed elementor-section-height-default elementor-section-items-middle\" data-id=\"7afed4e\" data-element_type=\"section\" data-e-type=\"section\" data-settings=\"{&quot;background_background&quot;:&quot;classic&quot;,&quot;ekit_has_onepagescroll_dot&quot;:&quot;yes&quot;}\">\n\t\t\t\t\t\t\t<div class=\"elementor-background-overlay\"><\/div>\n\t\t\t\t\t\t\t<div class=\"elementor-container elementor-column-gap-default\">\n\t\t\t\t\t<div class=\"elementor-column elementor-col-100 elementor-top-column elementor-element elementor-element-1ad3cbb\" data-id=\"1ad3cbb\" data-element_type=\"column\" data-e-type=\"column\">\n\t\t\t<div class=\"elementor-widget-wrap elementor-element-populated\">\n\t\t\t\t\t\t<div class=\"elementor-element elementor-element-9419427 elementor-widget elementor-widget-heading\" data-id=\"9419427\" data-element_type=\"widget\" data-e-type=\"widget\" data-settings=\"{&quot;ekit_we_effect_on&quot;:&quot;none&quot;}\" data-widget_type=\"heading.default\">\n\t\t\t\t<div class=\"elementor-widget-container\">\n\t\t\t\t\t<h1 class=\"elementor-heading-title elementor-size-default\">\u010eakujeme, \u017ee ste n\u00e1s oslovili!<\/h1>\t\t\t\t<\/div>\n\t\t\t\t<\/div>\n\t\t\t\t<div class=\"elementor-element elementor-element-8303200 elementor-widget elementor-widget-text-editor\" data-id=\"8303200\" data-element_type=\"widget\" data-e-type=\"widget\" data-settings=\"{&quot;ekit_we_effect_on&quot;:&quot;none&quot;}\" data-widget_type=\"text-editor.default\">\n\t\t\t\t<div class=\"elementor-widget-container\">\n\t\t\t\t\t\t\t\t\t<p>Pr\u00e1ve ste n\u00e1m \u00faspe\u0161ne poslali e-mail a d\u00fafame, \u017ee v bud\u00facnosti budeme dobr\u00fdmi partnermi pre obojstranne v\u00fdhodn\u00fa situ\u00e1ciu.<\/p><p>Do 1 pracovn\u00e9ho d\u0148a V\u00e1s budeme kontaktova\u0165, venujte pros\u00edm pozornos\u0165 emailu s koncovkou\u00a0<strong>\u201c@customarttoy\u201d<\/strong>.\u00a0<\/p><p>Ak je potrebn\u00e1 technick\u00e1 pomoc, pr\u00edprava na\u0161ich produktov\u00fdch \u0161pecialistov bude trva\u0165 a\u017e 48 hod\u00edn a nebud\u00fa schopn\u00ed v\u010das reagova\u0165.<\/p>\t\t\t\t\t\t\t\t<\/div>\n\t\t\t\t<\/div>\n\t\t\t\t\t<\/div>\n\t\t<\/div>\n\t\t\t\t\t<\/div>\n\t\t<\/section>\n\t\t\t\t<\/div>","protected":false},"excerpt":{"rendered":"<p>\u010eakujeme, \u017ee ste n\u00e1s oslovili! Pr\u00e1ve ste n\u00e1m \u00faspe\u0161ne poslali e-mail a d\u00fafame, \u017ee v bud\u00facnosti budeme dobr\u00fdmi partnermi pre obojstranne v\u00fdhodn\u00fa situ\u00e1ciu. Budeme v\u00e1s kontaktova\u0165 do 1 pracovn\u00e9ho d\u0148a, venujte pros\u00edm pozornos\u0165 e-mailu s pr\u00edponou \u201e@customarttoy\u201c. Ak je potrebn\u00e1 technick\u00e1 pomoc, na\u0161i produktov\u00ed \u0161pecialisti prevezm\u00fa\u2026<\/p>","protected":false},"author":1,"featured_media":0,"parent":0,"menu_order":0,"comment_status":"closed","ping_status":"closed","template":"elementor_canvas","meta":{"_kad_post_transparent":"","_kad_post_title":"hide","_kad_post_layout":"fullwidth","_kad_post_sidebar_id":"","_kad_post_content_style":"unboxed","_kad_post_vertical_padding":"hide","_kad_post_feature":"hide","_kad_post_feature_position":"","_kad_post_header":false,"_kad_post_footer":false,"footnotes":""},"class_list":["post-351","page","type-page","status-publish","hentry"],"_links":{"self":[{"href":"https:\/\/customarttoy.com\/sk\/wp-json\/wp\/v2\/pages\/351","targetHints":{"allow":["GET"]}}],"collection":[{"href":"https:\/\/customarttoy.com\/sk\/wp-json\/wp\/v2\/pages"}],"about":[{"href":"https:\/\/customarttoy.com\/sk\/wp-json\/wp\/v2\/types\/page"}],"author":[{"embeddable":true,"href":"https:\/\/customarttoy.com\/sk\/wp-json\/wp\/v2\/users\/1"}],"replies":[{"embeddable":true,"href":"https:\/\/customarttoy.com\/sk\/wp-json\/wp\/v2\/comments?post=351"}],"version-history":[{"count":0,"href":"https:\/\/customarttoy.com\/sk\/wp-json\/wp\/v2\/pages\/351\/revisions"}],"wp:attachment":[{"href":"https:\/\/customarttoy.com\/sk\/wp-json\/wp\/v2\/media?parent=351"}],"curies":[{"name":"wp","href":"https:\/\/api.w.org\/{rel}","templated":true}]}}